{"id":1336,"date":"2019-08-07T09:26:27","date_gmt":"2019-08-07T07:26:27","guid":{"rendered":"http:\/\/www.sinkacom.de\/blog\/?page_id=1336"},"modified":"2020-01-30T23:13:43","modified_gmt":"2020-01-30T22:13:43","slug":"blog-regeln","status":"publish","type":"page","link":"https:\/\/www.sinkacom.de\/blog\/blog-regeln\/","title":{"rendered":"Blog-Regeln"},"content":{"rendered":"<div class=\"wpb-content-wrapper\"><p>[vc_row][vc_column width=&#8220;1\/6&#8243;][\/vc_column][vc_column width=&#8220;2\/3&#8243;][vc_custom_heading text=&#8220;SinkaCom Blog-Regeln&#8220; google_fonts=&#8220;font_family:Roboto%3A100%2C100italic%2C300%2C300italic%2Cregular%2Citalic%2C500%2C500italic%2C700%2C700italic%2C900%2C900italic|font_style:300%20light%20regular%3A300%3Anormal&#8220;][vc_empty_space height=&#8220;15px&#8220;][vc_column_text]Liebe Leser,<\/p>\n<p>auf dem Blog der <a href=\"https:\/\/www.sinkacom.de\">SinkaCom AG<\/a> m\u00f6chten wir unser Wissen und und unsere Meinung mit Ihnen teilen und diskutieren. Deshalb freuen wir uns, wenn Sie unter den von uns ver\u00f6ffentlichten Beitr\u00e4gen Kommentare hinterlassen. Grunds\u00e4tzlich d\u00fcrfen Sie schreiben, was Sie wollen. Egal ob sie etwas erg\u00e4nzen, einem Autor zustimmen oder Ihre eigene, kontr\u00e4re Meinung \u00e4u\u00dfern m\u00f6chten.<\/p>\n<p>Wir freuen uns, wenn Sie sich mit uns und miteinander zu unseren Themen austauschen! Beachten Sie aber, dass wir einen sachlichen, konstruktiven und vor allem fairen Dialog sowie ein respektvolles Miteinander w\u00fcnschen.<\/p>\n<p>Wir m\u00f6chten Sie daher bitten, beim Verfassen von Kommentaren folgende Blog-Regeln zu ber\u00fccksichtigen:[\/vc_column_text][\/vc_column][vc_column width=&#8220;1\/6&#8243;][\/vc_column][\/vc_row][vc_row][vc_column width=&#8220;1\/6&#8243;][\/vc_column][vc_column width=&#8220;2\/3&#8243;][vc_column_text]<\/p>\n<ul>\n<li><strong>Datenschutz ist uns wichtig.<\/strong><br \/>\nM\u00f6chten Sie einen Kommentar schreiben, bitten wir Sie um die Angabe Ihres Namens sowie einer g\u00fcltigen E-Mail-Adresse. Diese wird selbstverst\u00e4ndlich nicht ver\u00f6ffentlicht, muss aber zustellbar sein. Wer seinen Namen nicht angeben m\u00f6chte, kann das Namensfeld stattdessen mit einem sogenannten \u201eNickname\u201c f\u00fcllen. Es steht Verfassern ebenfalls frei, einen Link zu ihrem privaten Blog oder ihrer privaten Homepage zu hinterlassen.<\/li>\n<\/ul>\n<p>[\/vc_column_text][vc_column_text]<\/p>\n<ul>\n<li><strong>Nicht erlaubt sind:<\/strong><br \/>\nZum einen anst\u00f6\u00dfige, diskriminierende, urheberrechtsverletzende oder sonstige rechtswidrige oder strafrechtlich relevante Inhalte (auch in Form von Links). Zum anderen Kommentare, die ausschlie\u00dflich der Eigenwerbung dienen. Insbesondere, wenn sie nichts mit dem Inhalt des jeweiligen Beitrags zu tun haben. Inhalte gewerblichen und\/oder werbenden Charakters und SEO-Spam. Auch Links zu Affiliate-Seiten sind nicht erlaubt. Bei einem Versto\u00df entfernen wir die entsprechenden Links und Kommentare ganz oder teilweise.<\/li>\n<\/ul>\n<p>[\/vc_column_text][vc_column_text]<\/p>\n<ul>\n<li><strong>Schweifen Sie nicht vom Thema ab.<\/strong><br \/>\nWenn Sie einen Kommentar zu einem Blog-Beitrag schreiben, achten Sie bitte darauf, dass Sie sich in diesem auch auf das Thema des Beitrags beziehen. Kommentare, die \u201eoff-topic\u201c sind, st\u00f6ren nur die Diskussion und sind f\u00fcr Au\u00dfenstehende meist \u201enonsense\u201c. Sollten einzelne Diskussionen komplett \u201eentgleisen\u201c, behalten wir uns vor moderierend einzugreifen.<\/li>\n<\/ul>\n<p>[\/vc_column_text][vc_column_text]<\/p>\n<ul>\n<li><strong>Gehen Sie sorgf\u00e4ltig mit geistigem Eigentum um.<\/strong><br \/>\nVerweisen beziehungsweise verlinken Sie bei Zitaten auf den Urheber \u2013 und versichern Sie sich, dass Sie sein Eigentum \u00fcberhaupt nutzen d\u00fcrfen.<\/li>\n<\/ul>\n<p>[\/vc_column_text][vc_column_text]<\/p>\n<ul>\n<li><strong>Wir w\u00fcnschen ein freundliches und faires Miteinander.<\/strong><br \/>\nBehandeln Sie alle Schreibenden, wie auch Sie selbst behandelt werden m\u00f6chten. Achten Sie auf eine konstruktive Diskussion und einen h\u00f6flichen Umgangston, ohne andere aufgrund Ihrer Meinung herabzusetzen. Wir dulden keine Diskriminierungen, Beleidigungen, Beschimpfungen oder pers\u00f6nlichen Angriffe jeglicher Art. Daher behalten wir uns das Recht vor, Kommentare, die gegen die Blog-Netiquette versto\u00dfen, ohne Vorwarnung ganz oder teilweise zu l\u00f6schen.<\/li>\n<\/ul>\n<p>[\/vc_column_text][vc_column_text]<\/p>\n<ul>\n<li><strong>Dieser Blog lebt nicht nur durch unsere Beitr\u00e4ge, sondern auch durch Ihre Teilnahme.<\/strong><br \/>\nDaher schalten wir Kommentare, die Sie hinterlassen, frei. So k\u00f6nnen sie von allen Besuchern gelesen werden.<\/li>\n<\/ul>\n<p>[\/vc_column_text][\/vc_column][vc_column width=&#8220;1\/6&#8243;][\/vc_column][\/vc_row][vc_row][vc_column width=&#8220;1\/6&#8243;][\/vc_column][vc_column width=&#8220;2\/3&#8243;][vc_column_text]<strong>Haftungsausschluss<\/strong><\/p>\n<p>Die Kommentare zu unseren Beitr\u00e4gen spiegeln allein die Meinung einzelner Leser wider. F\u00fcr die Richtigkeit und Vollst\u00e4ndigkeit der Inhalte und Links \u00fcbernimmt die <a href=\"http:\/\/sinkacom.de\">SinkaCom AG<\/a> keine Gew\u00e4hr.<\/p>\n<p>&nbsp;<\/p>\n<p><strong>Kontakt<\/strong><\/p>\n<p>Bei Fragen zum Blog oder L\u00f6schanfragen oder bei Fragen zu Dienstleistungen schreiben Sie bitte eine E-Mail an <a href=\"mailto:blog@sinkacom.de\">blog@sinkacom.de<\/a> oder kontaktieren Sie uns telefonisch unter <a href=\"tel:+49612259820\">+49 6122 5982-0<\/a>[\/vc_column_text][\/vc_column][vc_column width=&#8220;1\/6&#8243;][\/vc_column][\/vc_row]<\/p>\n<\/div>","protected":false},"excerpt":{"rendered":"<p>[vc_row][vc_column width=&#8220;1\/6&#8243;][\/vc_column][vc_column width=&#8220;2\/3&#8243;][vc_custom_heading text=&#8220;SinkaCom Blog-Regeln&#8220; google_fonts=&#8220;font_family:Roboto%3A100%2C100italic%2C300%2C300italic%2Cregular%2Citalic%2C500%2C500italic%2C700%2C700italic%2C900%2C900italic|font_style:300%20light%20regular%3A300%3Anormal&#8220;][vc_empty_space height=&#8220;15px&#8220;][vc_column_text]Liebe Leser, auf dem Blog der SinkaCom AG m\u00f6chten wir unser Wissen und und unsere Meinung mit Ihnen teilen und diskutieren. Deshalb freuen wir uns, wenn Sie unter den von uns ver\u00f6ffentlichten Beitr\u00e4gen Kommentare hinterlassen. Grunds\u00e4tzlich d\u00fcrfen Sie schreiben, was Sie wollen. Egal ob sie etwas erg\u00e4nzen, einem Autor&hellip;<\/p>\n","protected":false},"author":1,"featured_media":0,"parent":0,"menu_order":0,"comment_status":"closed","ping_status":"closed","template":"","meta":{"footnotes":""},"class_list":["post-1336","page","type-page","status-publish","hentry","description-off"],"yoast_head":"<!-- This site is optimized with the Yoast SEO plugin v25.7 - https:\/\/yoast.com\/wordpress\/plugins\/seo\/ -->\n<title>SinkaCom Blog - Blog-Regeln<\/title>\n<meta name=\"robots\" content=\"index, follow, max-snippet:-1, max-image-preview:large, max-video-preview:-1\" \/>\n<link rel=\"canonical\" href=\"https:\/\/www.sinkacom.de\/blog\/blog-regeln\/\" \/>\n<meta property=\"og:locale\" content=\"de_DE\" \/>\n<meta property=\"og:type\" content=\"article\" \/>\n<meta property=\"og:title\" content=\"SinkaCom Blog - Blog-Regeln\" \/>\n<meta property=\"og:description\" content=\"[vc_row][vc_column width=&#8220;1\/6&#8243;][\/vc_column][vc_column width=&#8220;2\/3&#8243;][vc_custom_heading text=&#8220;SinkaCom Blog-Regeln&#8220; google_fonts=&#8220;font_family:Roboto%3A100%2C100italic%2C300%2C300italic%2Cregular%2Citalic%2C500%2C500italic%2C700%2C700italic%2C900%2C900italic|font_style:300%20light%20regular%3A300%3Anormal&#8220;][vc_empty_space height=&#8220;15px&#8220;][vc_column_text]Liebe Leser, auf dem Blog der SinkaCom AG m\u00f6chten wir unser Wissen und und unsere Meinung mit Ihnen teilen und diskutieren. Deshalb freuen wir uns, wenn Sie unter den von uns ver\u00f6ffentlichten Beitr\u00e4gen Kommentare hinterlassen. Grunds\u00e4tzlich d\u00fcrfen Sie schreiben, was Sie wollen. Egal ob sie etwas erg\u00e4nzen, einem Autor&hellip;\" \/>\n<meta property=\"og:url\" content=\"https:\/\/www.sinkacom.de\/blog\/blog-regeln\/\" \/>\n<meta property=\"og:site_name\" content=\"SinkaCom Blog\" \/>\n<meta property=\"article:modified_time\" content=\"2020-01-30T22:13:43+00:00\" \/>\n<meta name=\"twitter:label1\" content=\"Gesch\u00e4tzte Lesezeit\" \/>\n\t<meta name=\"twitter:data1\" content=\"3\u00a0Minuten\" \/>\n<script type=\"application\/ld+json\" class=\"yoast-schema-graph\">{\"@context\":\"https:\/\/schema.org\",\"@graph\":[{\"@type\":\"WebPage\",\"@id\":\"https:\/\/www.sinkacom.de\/blog\/blog-regeln\/\",\"url\":\"https:\/\/www.sinkacom.de\/blog\/blog-regeln\/\",\"name\":\"SinkaCom Blog - Blog-Regeln\",\"isPartOf\":{\"@id\":\"https:\/\/www.sinkacom.de\/blog\/#website\"},\"datePublished\":\"2019-08-07T07:26:27+00:00\",\"dateModified\":\"2020-01-30T22:13:43+00:00\",\"breadcrumb\":{\"@id\":\"https:\/\/www.sinkacom.de\/blog\/blog-regeln\/#breadcrumb\"},\"inLanguage\":\"de\",\"potentialAction\":[{\"@type\":\"ReadAction\",\"target\":[\"https:\/\/www.sinkacom.de\/blog\/blog-regeln\/\"]}]},{\"@type\":\"BreadcrumbList\",\"@id\":\"https:\/\/www.sinkacom.de\/blog\/blog-regeln\/#breadcrumb\",\"itemListElement\":[{\"@type\":\"ListItem\",\"position\":1,\"name\":\"Home\",\"item\":\"https:\/\/www.sinkacom.de\/blog\/\"},{\"@type\":\"ListItem\",\"position\":2,\"name\":\"Blog-Regeln\"}]},{\"@type\":\"WebSite\",\"@id\":\"https:\/\/www.sinkacom.de\/blog\/#website\",\"url\":\"https:\/\/www.sinkacom.de\/blog\/\",\"name\":\"SinkaCom Blog\",\"description\":\"\",\"publisher\":{\"@id\":\"https:\/\/www.sinkacom.de\/blog\/#organization\"},\"potentialAction\":[{\"@type\":\"SearchAction\",\"target\":{\"@type\":\"EntryPoint\",\"urlTemplate\":\"https:\/\/www.sinkacom.de\/blog\/?s={search_term_string}\"},\"query-input\":{\"@type\":\"PropertyValueSpecification\",\"valueRequired\":true,\"valueName\":\"search_term_string\"}}],\"inLanguage\":\"de\"},{\"@type\":\"Organization\",\"@id\":\"https:\/\/www.sinkacom.de\/blog\/#organization\",\"name\":\"SinkaCom AG\",\"url\":\"https:\/\/www.sinkacom.de\/blog\/\",\"logo\":{\"@type\":\"ImageObject\",\"inLanguage\":\"de\",\"@id\":\"https:\/\/www.sinkacom.de\/blog\/#\/schema\/logo\/image\/\",\"url\":\"\",\"contentUrl\":\"\",\"caption\":\"SinkaCom AG\"},\"image\":{\"@id\":\"https:\/\/www.sinkacom.de\/blog\/#\/schema\/logo\/image\/\"}}]}<\/script>\n<!-- \/ Yoast SEO plugin. -->","yoast_head_json":{"title":"SinkaCom Blog - Blog-Regeln","robots":{"index":"index","follow":"follow","max-snippet":"max-snippet:-1","max-image-preview":"max-image-preview:large","max-video-preview":"max-video-preview:-1"},"canonical":"https:\/\/www.sinkacom.de\/blog\/blog-regeln\/","og_locale":"de_DE","og_type":"article","og_title":"SinkaCom Blog - Blog-Regeln","og_description":"[vc_row][vc_column width=&#8220;1\/6&#8243;][\/vc_column][vc_column width=&#8220;2\/3&#8243;][vc_custom_heading text=&#8220;SinkaCom Blog-Regeln&#8220; google_fonts=&#8220;font_family:Roboto%3A100%2C100italic%2C300%2C300italic%2Cregular%2Citalic%2C500%2C500italic%2C700%2C700italic%2C900%2C900italic|font_style:300%20light%20regular%3A300%3Anormal&#8220;][vc_empty_space height=&#8220;15px&#8220;][vc_column_text]Liebe Leser, auf dem Blog der SinkaCom AG m\u00f6chten wir unser Wissen und und unsere Meinung mit Ihnen teilen und diskutieren. Deshalb freuen wir uns, wenn Sie unter den von uns ver\u00f6ffentlichten Beitr\u00e4gen Kommentare hinterlassen. Grunds\u00e4tzlich d\u00fcrfen Sie schreiben, was Sie wollen. Egal ob sie etwas erg\u00e4nzen, einem Autor&hellip;","og_url":"https:\/\/www.sinkacom.de\/blog\/blog-regeln\/","og_site_name":"SinkaCom Blog","article_modified_time":"2020-01-30T22:13:43+00:00","twitter_misc":{"Gesch\u00e4tzte Lesezeit":"3\u00a0Minuten"},"schema":{"@context":"https:\/\/schema.org","@graph":[{"@type":"WebPage","@id":"https:\/\/www.sinkacom.de\/blog\/blog-regeln\/","url":"https:\/\/www.sinkacom.de\/blog\/blog-regeln\/","name":"SinkaCom Blog - Blog-Regeln","isPartOf":{"@id":"https:\/\/www.sinkacom.de\/blog\/#website"},"datePublished":"2019-08-07T07:26:27+00:00","dateModified":"2020-01-30T22:13:43+00:00","breadcrumb":{"@id":"https:\/\/www.sinkacom.de\/blog\/blog-regeln\/#breadcrumb"},"inLanguage":"de","potentialAction":[{"@type":"ReadAction","target":["https:\/\/www.sinkacom.de\/blog\/blog-regeln\/"]}]},{"@type":"BreadcrumbList","@id":"https:\/\/www.sinkacom.de\/blog\/blog-regeln\/#breadcrumb","itemListElement":[{"@type":"ListItem","position":1,"name":"Home","item":"https:\/\/www.sinkacom.de\/blog\/"},{"@type":"ListItem","position":2,"name":"Blog-Regeln"}]},{"@type":"WebSite","@id":"https:\/\/www.sinkacom.de\/blog\/#website","url":"https:\/\/www.sinkacom.de\/blog\/","name":"SinkaCom Blog","description":"","publisher":{"@id":"https:\/\/www.sinkacom.de\/blog\/#organization"},"potentialAction":[{"@type":"SearchAction","target":{"@type":"EntryPoint","urlTemplate":"https:\/\/www.sinkacom.de\/blog\/?s={search_term_string}"},"query-input":{"@type":"PropertyValueSpecification","valueRequired":true,"valueName":"search_term_string"}}],"inLanguage":"de"},{"@type":"Organization","@id":"https:\/\/www.sinkacom.de\/blog\/#organization","name":"SinkaCom AG","url":"https:\/\/www.sinkacom.de\/blog\/","logo":{"@type":"ImageObject","inLanguage":"de","@id":"https:\/\/www.sinkacom.de\/blog\/#\/schema\/logo\/image\/","url":"","contentUrl":"","caption":"SinkaCom AG"},"image":{"@id":"https:\/\/www.sinkacom.de\/blog\/#\/schema\/logo\/image\/"}}]}},"_links":{"self":[{"href":"https:\/\/www.sinkacom.de\/blog\/wp-json\/wp\/v2\/pages\/1336","targetHints":{"allow":["GET"]}}],"collection":[{"href":"https:\/\/www.sinkacom.de\/blog\/wp-json\/wp\/v2\/pages"}],"about":[{"href":"https:\/\/www.sinkacom.de\/blog\/wp-json\/wp\/v2\/types\/page"}],"author":[{"embeddable":true,"href":"https:\/\/www.sinkacom.de\/blog\/wp-json\/wp\/v2\/users\/1"}],"replies":[{"embeddable":true,"href":"https:\/\/www.sinkacom.de\/blog\/wp-json\/wp\/v2\/comments?post=1336"}],"version-history":[{"count":2,"href":"https:\/\/www.sinkacom.de\/blog\/wp-json\/wp\/v2\/pages\/1336\/revisions"}],"predecessor-version":[{"id":2034,"href":"https:\/\/www.sinkacom.de\/blog\/wp-json\/wp\/v2\/pages\/1336\/revisions\/2034"}],"wp:attachment":[{"href":"https:\/\/www.sinkacom.de\/blog\/wp-json\/wp\/v2\/media?parent=1336"}],"curies":[{"name":"wp","href":"https:\/\/api.w.org\/{rel}","templated":true}]}}